{"id":12,"date":"2022-09-01T11:23:23","date_gmt":"2022-09-01T09:23:23","guid":{"rendered":"http:\/\/jardininterieur.com\/?page_id=12"},"modified":"2022-10-30T14:45:59","modified_gmt":"2022-10-30T13:45:59","slug":"accueil","status":"publish","type":"page","link":"https:\/\/jardininterieur.com\/","title":{"rendered":"Accueil"},"content":{"rendered":"\t\t<div data-elementor-type=\"wp-page\" data-elementor-id=\"12\" class=\"elementor elementor-12\">\n\t\t\t\t\t\t\t\t\t<section class=\"elementor-section elementor-top-section elementor-element elementor-element-2c8daa09 elementor-section-full_width elementor-section-height-default elementor-section-height-default\" data-id=\"2c8daa09\" data-element_type=\"section\">\n\t\t\t\t\t\t<div class=\"elementor-container elementor-column-gap-default\">\n\t\t\t\t\t<div class=\"elementor-column elementor-col-100 elementor-top-column elementor-element elementor-element-5cb6b42b\" data-id=\"5cb6b42b\" data-element_type=\"column\">\n\t\t\t<div class=\"elementor-widget-wrap elementor-element-populated\">\n\t\t\t\t\t\t\t\t<div class=\"elementor-element elementor-element-a8c3288 elementor-widget elementor-widget-text-editor\" data-id=\"a8c3288\" data-element_type=\"widget\" data-widget_type=\"text-editor.default\">\n\t\t\t\t<div class=\"elementor-widget-container\">\n\t\t\t<style>\/*! elementor - v3.12.2 - 23-04-2023 *\/\n.elementor-widget-text-editor.elementor-drop-cap-view-stacked .elementor-drop-cap{background-color:#69727d;color:#fff}.elementor-widget-text-editor.elementor-drop-cap-view-framed .elementor-drop-cap{color:#69727d;border:3px solid;background-color:transparent}.elementor-widget-text-editor:not(.elementor-drop-cap-view-default) .elementor-drop-cap{margin-top:8px}.elementor-widget-text-editor:not(.elementor-drop-cap-view-default) .elementor-drop-cap-letter{width:1em;height:1em}.elementor-widget-text-editor .elementor-drop-cap{float:left;text-align:center;line-height:1;font-size:50px}.elementor-widget-text-editor .elementor-drop-cap-letter{display:inline-block}<\/style>\t\t\t\t<p><!-- wp:cover {\"overlayColor\":\"white\",\"align\":\"full\",\"className\":\"hestia-clear-top-padding\"} --><\/p>\n<div class=\"wp-block-cover alignfull has-white-background-color has-background-dim hestia-clear-top-padding\">\n<div class=\"wp-block-cover__inner-container\">\n<p><!-- wp:heading {\"textAlign\":\"center\",\"style\":{\"color\":{\"text\":\"#3c4858\"}}} --><\/p>\n<h2 class=\"has-text-align-center has-text-color\" style=\"color: #3c4858;\">Contes et nouvelles du monde par Jo\u00ebl Niemann ou Jaerwan<\/h2>\n<p><!-- \/wp:heading --><\/p>\n<p><!-- wp:spacer {\"height\":40} --><\/p>\n<div style=\"height: 40px;\" aria-hidden=\"true\" class=\"wp-block-spacer\"><\/div>\n<p><!-- \/wp:spacer --><\/p>\n<p><!-- wp:columns {\"className\":\"container\"} --><\/p>\n<div class=\"wp-block-columns container\">\n<p><!-- wp:column --><\/p>\n<div class=\"wp-block-column\">\n<div class=\"wp-block-image\">\n<p><img loading=\"lazy\" decoding=\"async\" src=\"https:\/\/jardininterieur.com\/wp-content\/uploads\/2022\/09\/joel-jaerwan-225x300.jpg\" alt=\"\" class=\"size-medium wp-image-82 aligncenter\" width=\"225\" height=\"300\" srcset=\"https:\/\/jardininterieur.com\/wp-content\/uploads\/2022\/09\/joel-jaerwan-225x300.jpg 225w, https:\/\/jardininterieur.com\/wp-content\/uploads\/2022\/09\/joel-jaerwan.jpg 375w\" sizes=\"(max-width: 225px) 100vw, 225px\" \/><\/p>\n<\/div>\n<h5 class=\"has-text-align-center has-text-color\" style=\"color: #3c4858; font-size: 18px;\">Conteur nomade-barde<\/h5>\n<p class=\"has-text-align-center has-text-color\" style=\"color: #999999; font-size: 14px;\">Jaerwan interviens dans la nature, les jardins, sous les arbres, les for\u00eats, au bord des ruisseaux, dans les cours de r\u00e9cr\u00e9ation&#8230;<br \/><br \/>Avec sa caravane et sa biblioth\u00e8que vagabonde, Jaerwan vous invite \u00e0 des <strong>balades et voyages m\u00e9ditatifs cont\u00e9s<\/strong> pour transmettre les <strong>mythes et l\u00e9gendes de l&rsquo;humanit\u00e9<\/strong>.<\/p>\n<\/div>\n<div style=\"height: 25px;\" aria-hidden=\"true\" class=\"wp-block-spacer\"><\/div>\n<p><!-- \/wp:column --><\/p>\n<p><!-- wp:column --><\/p>\n<div class=\"wp-block-column\">\n<p><!-- wp:image {\"align\":\"center\",\"id\":71,\"sizeSlug\":\"large\",\"linkDestination\":\"none\"} --><\/p>\n<div class=\"wp-block-image\">\n<figure class=\"aligncenter size-large\"><img loading=\"lazy\" decoding=\"async\" src=\"https:\/\/jardininterieur.com\/wp-content\/uploads\/2022\/09\/once-upon-a-time-300x161.jpg\" alt=\"\" class=\"size-medium wp-image-99 aligncenter\" width=\"300\" height=\"161\" srcset=\"https:\/\/jardininterieur.com\/wp-content\/uploads\/2022\/09\/once-upon-a-time-300x161.jpg 300w, https:\/\/jardininterieur.com\/wp-content\/uploads\/2022\/09\/once-upon-a-time-1024x550.jpg 1024w, https:\/\/jardininterieur.com\/wp-content\/uploads\/2022\/09\/once-upon-a-time-768x412.jpg 768w, https:\/\/jardininterieur.com\/wp-content\/uploads\/2022\/09\/once-upon-a-time-1536x825.jpg 1536w, https:\/\/jardininterieur.com\/wp-content\/uploads\/2022\/09\/once-upon-a-time.jpg 1920w\" sizes=\"(max-width: 300px) 100vw, 300px\" \/><\/figure>\n<p><\/p>\n<\/div>\n<p><!-- \/wp:image --><\/p>\n<p><!-- wp:heading {\"textAlign\":\"center\",\"level\":5,\"style\":{\"color\":{\"text\":\"#3c4858\"},\"typography\":{\"fontSize\":18}}} --><\/p>\n<h5 class=\"has-text-align-center has-text-color\" style=\"color: #3c4858; font-size: 18px;\">Psy-conteur<\/h5>\n<p><!-- \/wp:heading --><\/p>\n<p><!-- wp:paragraph {\"align\":\"center\",\"style\":{\"color\":{\"text\":\"#999999\"},\"typography\":{\"fontSize\":14}}} --><\/p>\n<p class=\"has-text-align-center has-text-color\" style=\"color: #999999; font-size: 14px;\">A destination des institutions et des milieux de soins, <br \/>Jo\u00ebl Niemann anime des <strong>conf\u00e9rences<\/strong> sur les contes et l\u00e9gendes, les mythes et la mythologie.<br \/>Jo\u00ebl <strong>mod\u00e8re les d\u00e9bats<\/strong> \u00e0 travers les contes.<br \/><br \/>Des <strong>soir\u00e9es contes<\/strong> sont propos\u00e9es pour <strong>appr\u00e9hender le monde actuel et la nature qui nous entoure<\/strong>.<\/p>\n<p class=\"has-text-align-center has-text-color\" style=\"color: #999999; font-size: 14px;\"><em><br \/>Il n&rsquo;y a rien dans la psychanalyse <br \/>qui n&rsquo;ait d\u00e9j\u00e0 \u00e9t\u00e9 abord\u00e9 par les contes.<\/em><br \/><em>Ren\u00e9 KAES<\/em><\/p>\n<p><!-- \/wp:paragraph --><\/p>\n<p><!-- wp:spacer {\"height\":25} --><\/p>\n<p><!-- \/wp:spacer --><\/p>\n<\/div>\n<p><!-- \/wp:column --><\/p>\n<p><!-- wp:column --><\/p>\n<div class=\"wp-block-column\">\n<p><!-- wp:image {\"align\":\"center\",\"id\":72,\"sizeSlug\":\"large\",\"linkDestination\":\"none\"} --><\/p>\n<div class=\"wp-block-image\">\n<figure class=\"aligncenter size-large\"><img loading=\"lazy\" decoding=\"async\" src=\"https:\/\/jardininterieur.com\/wp-content\/uploads\/2022\/09\/ecoute-active-psychosynthes-225x300.jpg\" alt=\"\" class=\"size-medium wp-image-101 aligncenter\" width=\"225\" height=\"300\" srcset=\"https:\/\/jardininterieur.com\/wp-content\/uploads\/2022\/09\/ecoute-active-psychosynthes-225x300.jpg 225w, https:\/\/jardininterieur.com\/wp-content\/uploads\/2022\/09\/ecoute-active-psychosynthes.jpg 375w\" sizes=\"(max-width: 225px) 100vw, 225px\" \/><\/figure>\n<\/div>\n<p><!-- \/wp:image --><\/p>\n<p><!-- wp:heading {\"textAlign\":\"center\",\"level\":5,\"style\":{\"color\":{\"text\":\"#3c4858\"},\"typography\":{\"fontSize\":18}}} --><\/p>\n<h5 class=\"has-text-align-center has-text-color\" style=\"color: #3c4858; font-size: 18px;\">Coach-conteur<\/h5>\n<p><!-- \/wp:heading --><\/p>\n<p><!-- wp:paragraph {\"align\":\"center\",\"style\":{\"color\":{\"text\":\"#999999\"},\"typography\":{\"fontSize\":14}}} --><\/p>\n<p class=\"has-text-align-center has-text-color\" style=\"color: #999999; font-size: 14px;\">Aupr\u00e8s de entreprises, associations et particuliers, Jo\u00ebl <strong>mod\u00e8re<\/strong> avec bienveillance les <strong>conflits interpersonnels<\/strong>.<br \/>Il donne <strong>vie et raison d&rsquo;\u00eatre aux \u00e9quipes<\/strong> et assure des permanences d&rsquo;<strong>\u00e9coute et de partage de parole<\/strong>.<br \/><br \/>Pour \u00e9viter le <strong>burn-out<\/strong>, il propose de raccommoder le fil de l&rsquo;existence vers un <strong>mieux \u00eatre individuel et collectif<\/strong><\/p>\n<p><!-- \/wp:paragraph --><\/p>\n<p><!-- wp:spacer {\"height\":25} --><\/p>\n<p><br \/><!-- \/wp:spacer --><\/p>\n<\/div>\n<p><!-- \/wp:column --><\/p>\n<\/div>\n<p><!-- \/wp:columns --><\/p>\n<p><!-- wp:spacer {\"height\":40} --><\/p>\n<p><!-- \/wp:spacer --><\/p>\n<\/div>\n<\/div>\n<p><!-- \/wp:cover --><\/p>\n<p><!-- wp:columns {\"className\":\"container\"} --><\/p>\n<div class=\"wp-block-columns container\">\n<p><!-- wp:column {\"className\":\"col-md-5\"} --><\/p>\n<div class=\"wp-block-column col-md-5\">\n<p><!-- wp:spacer {\"height\":55} --><\/p>\n<p><!-- \/wp:spacer --><\/p>\n<p><!-- wp:heading --><\/p>\n<h2>A propos de Jaerwan<\/h2>\n<p><!-- \/wp:heading --><\/p>\n<p><!-- wp:paragraph --><\/p>\n<p>Mythologue en herbe, Jaerwan conte mythes et l\u00e9gendes suivant les traces des transmissions initiatiques depuis la nuit des temps.<\/p>\n<p><br \/>Auteur de la for\u00eat, \u00e9crivain \u00e0 plume, chasseur \u00e0 poils, il \u00e9crit des hybridations zoomorphes homme-animal<\/p>\n<p><!-- \/wp:paragraph --><\/p>\n<\/div>\n<p><!-- \/wp:column --><\/p>\n<p><!-- wp:column {\"className\":\"col-md-6 col-md-offset1\"} --><\/p>\n<div class=\"wp-block-column col-md-6 col-md-offset1\">\n<p><!-- wp:spacer {\"height\":55} --><\/p>\n<div style=\"height: 55px;\" aria-hidden=\"true\" class=\"wp-block-spacer\">\n<p><img loading=\"lazy\" decoding=\"async\" src=\"https:\/\/jardininterieur.com\/wp-content\/uploads\/2022\/09\/jaerwanNB-300x234.jpg\" alt=\"Jaerwan\" class=\"alignright wp-image-41 size-medium\" title=\"jaerwan conteur nomade barde\" width=\"300\" height=\"234\" srcset=\"https:\/\/jardininterieur.com\/wp-content\/uploads\/2022\/09\/jaerwanNB-300x234.jpg 300w, https:\/\/jardininterieur.com\/wp-content\/uploads\/2022\/09\/jaerwanNB-768x598.jpg 768w, https:\/\/jardininterieur.com\/wp-content\/uploads\/2022\/09\/jaerwanNB.jpg 986w\" sizes=\"(max-width: 300px) 100vw, 300px\" \/><\/p>\n<\/div>\n<p><!-- \/wp:spacer --><\/p>\n<p><!-- wp:image {\"id\":81,\"sizeSlug\":\"large\",\"linkDestination\":\"none\"} --><\/p>\n<figure class=\"wp-block-image size-large\"><\/figure>\n<p><!-- \/wp:image --><\/p>\n<p><!-- wp:paragraph --><\/p>\n<p><!-- \/wp:paragraph --><\/p>\n<\/div>\n<p><!-- \/wp:column --><\/p>\n<\/div>\n<p><!-- \/wp:columns --><\/p>\t\t\t\t\t\t<\/div>\n\t\t\t\t<\/div>\n\t\t\t\t<div class=\"elementor-element elementor-element-fcfc34a elementor-align-center elementor-widget elementor-widget-button\" data-id=\"fcfc34a\" data-element_type=\"widget\" data-widget_type=\"button.default\">\n\t\t\t\t<div class=\"elementor-widget-container\">\n\t\t\t\t\t<div class=\"elementor-button-wrapper\">\n\t\t\t<a href=\"#\" class=\"elementor-button-link elementor-button elementor-size-sm\" role=\"button\">\n\t\t\t\t\t\t<span class=\"elementor-button-content-wrapper\">\n\t\t\t\t\t\t<span class=\"elementor-button-text\">Prestations et tarifs<\/span>\n\t\t<\/span>\n\t\t\t\t\t<\/a>\n\t\t<\/div>\n\t\t\t\t<\/div>\n\t\t\t\t<\/div>\n\t\t\t\t\t<\/div>\n\t\t<\/div>\n\t\t\t\t\t\t\t<\/div>\n\t\t<\/section>\n\t\t\t\t<section class=\"elementor-section elementor-top-section elementor-element elementor-element-b9f112e elementor-section-boxed elementor-section-height-default elementor-section-height-default\" data-id=\"b9f112e\" data-element_type=\"section\">\n\t\t\t\t\t\t<div class=\"elementor-container elementor-column-gap-default\">\n\t\t\t\t\t<div class=\"elementor-column elementor-col-100 elementor-top-column elementor-element elementor-element-20c0d5d\" data-id=\"20c0d5d\" data-element_type=\"column\">\n\t\t\t<div class=\"elementor-widget-wrap elementor-element-populated\">\n\t\t\t\t\t\t\t\t<div class=\"elementor-element elementor-element-fce25a5 elementor-widget elementor-widget-text-editor\" data-id=\"fce25a5\" data-element_type=\"widget\" data-widget_type=\"text-editor.default\">\n\t\t\t\t<div class=\"elementor-widget-container\">\n\t\t\t\t\t\t\t<p class=\"has-text-align-center has-text-color\">Le langage symbolique est la seule langue universelle de la race humaine &#8211; Erich FROMM<\/p>\t\t\t\t\t\t<\/div>\n\t\t\t\t<\/div>\n\t\t\t\t\t<\/div>\n\t\t<\/div>\n\t\t\t\t\t\t\t<\/div>\n\t\t<\/section>\n\t\t\t\t\t\t\t<\/div>\n\t\t","protected":false},"excerpt":{"rendered":"<p>A propos de Jaerwan Mythologue en herbe, Jaerwan conte mythes et l\u00e9gendes suivant les traces des transmissions initiatiques depuis la nuit des temps. Auteur de la for\u00eat, \u00e9crivain \u00e0 plume, chasseur \u00e0 poils, il \u00e9crit des hybridations zoomorphes homme-animal Prestations et tarifs Le langage symbolique est la seule langue universelle [&hellip;]<\/p>\n","protected":false},"author":1,"featured_media":81,"parent":0,"menu_order":0,"comment_status":"closed","ping_status":"closed","template":"","meta":{"footnotes":""},"_links":{"self":[{"href":"https:\/\/jardininterieur.com\/index.php?rest_route=\/wp\/v2\/pages\/12"}],"collection":[{"href":"https:\/\/jardininterieur.com\/index.php?rest_route=\/wp\/v2\/pages"}],"about":[{"href":"https:\/\/jardininterieur.com\/index.php?rest_route=\/wp\/v2\/types\/page"}],"author":[{"embeddable":true,"href":"https:\/\/jardininterieur.com\/index.php?rest_route=\/wp\/v2\/users\/1"}],"replies":[{"embeddable":true,"href":"https:\/\/jardininterieur.com\/index.php?rest_route=%2Fwp%2Fv2%2Fcomments&post=12"}],"version-history":[{"count":66,"href":"https:\/\/jardininterieur.com\/index.php?rest_route=\/wp\/v2\/pages\/12\/revisions"}],"predecessor-version":[{"id":250,"href":"https:\/\/jardininterieur.com\/index.php?rest_route=\/wp\/v2\/pages\/12\/revisions\/250"}],"wp:featuredmedia":[{"embeddable":true,"href":"https:\/\/jardininterieur.com\/index.php?rest_route=\/wp\/v2\/media\/81"}],"wp:attachment":[{"href":"https:\/\/jardininterieur.com\/index.php?rest_route=%2Fwp%2Fv2%2Fmedia&parent=12"}],"curies":[{"name":"wp","href":"https:\/\/api.w.org\/{rel}","templated":true}]}}