{"id":13,"date":"2022-09-01T11:23:23","date_gmt":"2022-09-01T09:23:23","guid":{"rendered":"http:\/\/jardininterieur.com\/?page_id=13"},"modified":"2025-01-09T13:04:35","modified_gmt":"2025-01-09T12:04:35","slug":"contact","status":"publish","type":"page","link":"https:\/\/jardininterieur.com\/?page_id=13","title":{"rendered":"Contact"},"content":{"rendered":"\t\t<div data-elementor-type=\"wp-page\" data-elementor-id=\"13\" class=\"elementor elementor-13\">\n\t\t\t\t\t\t\t\t\t<section class=\"elementor-section elementor-top-section elementor-element elementor-element-22482e7 elementor-section-boxed elementor-section-height-default elementor-section-height-default\" data-id=\"22482e7\" data-element_type=\"section\">\n\t\t\t\t\t\t<div class=\"elementor-container elementor-column-gap-default\">\n\t\t\t\t\t<div class=\"elementor-column elementor-col-100 elementor-top-column elementor-element elementor-element-a4d25c8\" data-id=\"a4d25c8\" data-element_type=\"column\">\n\t\t\t<div class=\"elementor-widget-wrap\">\n\t\t\t\t\t\t\t\t\t<\/div>\n\t\t<\/div>\n\t\t\t\t\t\t\t<\/div>\n\t\t<\/section>\n\t\t\t\t<section class=\"elementor-section elementor-top-section elementor-element elementor-element-2b2da55 elementor-section-boxed elementor-section-height-default elementor-section-height-default\" data-id=\"2b2da55\" data-element_type=\"section\">\n\t\t\t\t\t\t<div class=\"elementor-container elementor-column-gap-default\">\n\t\t\t\t\t<div class=\"elementor-column elementor-col-100 elementor-top-column elementor-element elementor-element-6ac34901\" data-id=\"6ac34901\" data-element_type=\"column\">\n\t\t\t<div class=\"elementor-widget-wrap elementor-element-populated\">\n\t\t\t\t\t\t\t\t<div class=\"elementor-element elementor-element-17a73c4a elementor-widget elementor-widget-text-editor\" data-id=\"17a73c4a\" data-element_type=\"widget\" data-widget_type=\"text-editor.default\">\n\t\t\t\t<div class=\"elementor-widget-container\">\n\t\t\t<style>\/*! elementor - v3.12.2 - 23-04-2023 *\/\n.elementor-widget-text-editor.elementor-drop-cap-view-stacked .elementor-drop-cap{background-color:#69727d;color:#fff}.elementor-widget-text-editor.elementor-drop-cap-view-framed .elementor-drop-cap{color:#69727d;border:3px solid;background-color:transparent}.elementor-widget-text-editor:not(.elementor-drop-cap-view-default) .elementor-drop-cap{margin-top:8px}.elementor-widget-text-editor:not(.elementor-drop-cap-view-default) .elementor-drop-cap-letter{width:1em;height:1em}.elementor-widget-text-editor .elementor-drop-cap{float:left;text-align:center;line-height:1;font-size:50px}.elementor-widget-text-editor .elementor-drop-cap-letter{display:inline-block}<\/style>\t\t\t\t<!-- wp:columns {\"align\":\"full\"} --><!-- \/wp:columns --><!-- wp:columns {\"className\":\"container\"} -->\n<div class=\"wp-block-columns container\"><!-- wp:column {\"verticalAlignment\":\"center\"} -->\n<div class=\"wp-block-column is-vertically-aligned-center\"><!-- wp:heading {\"className\":\"hestia-title\"} -->\n<h2>Commander votre livre Jean-Glier des contr\u00e9es racont\u00e9es : 20\u20ac par ch\u00e8que \u00e0 Jo\u00ebl Niemann, 1 all\u00e9e du ch\u00e2teau du Bourgailh, 33600 Pessac<\/h2>\n<h2>Votre demande, vos besoins, votre contexte pour un devis gratuit<\/h2>\n<!-- \/wp:heading --><!-- wp:spacer {\"height\":40} -->\n<div style=\"height: 40px;\" aria-hidden=\"true\" class=\"wp-block-spacer\"><\/div>\n<!-- \/wp:spacer --><!-- wp:html -->\n<div class=\"contact-wrapper\">\n<div class=\"content\"><form>\n<div class=\"form-group\"><input type=\"text\" id=\"fname\" name=\"firstname\" placeholder=\"Your name..\" \/><\/div>\n<div class=\"form-group\"><input type=\"text\" id=\"lname\" name=\"lastname\" placeholder=\"Your last name..\" \/><\/div>\n<div class=\"form-group\"><textarea id=\"subject\" name=\"subject\" placeholder=\"Write something..\" style=\"height: 200px;\"><\/textarea><\/div>\n<input type=\"submit\" value=\"Submit\" \/><\/form><\/div>\n<\/div>\n<!-- \/wp:html --><\/div>\n<!-- \/wp:column --><!-- wp:column {\"verticalAlignment\":\"center\"} -->\n<div class=\"wp-block-column is-vertically-aligned-center\"><!-- wp:columns -->\n<div class=\"wp-block-columns\"><!-- wp:column -->\n<div class=\"wp-block-column\"><\/div>\n<!-- \/wp:column --><!-- wp:column {\"width\":\"50%\"} -->\n<div class=\"wp-block-column\" style=\"flex-basis: 50%;\"><!-- wp:heading {\"textAlign\":\"left\",\"level\":4,\"className\":\"hestia-title\",\"style\":{\"typography\":{\"fontSize\":18},\"color\":{\"text\":\"#3c4858\"}}} -->\n<h4 class=\"has-text-align-left hestia-title has-text-color\" style=\"color: #3c4858; font-size: 18px;\"><img decoding=\"async\" class=\"wp-image-86\" style=\"width: 25px;\" src=\"https:\/\/jardininterieur.com\/wp-content\/themes\/hestia\/assets\/img\/contact1.png\" alt=\"Map icon\" \/> <strong>Trouver le psy conteur, coach d&rsquo;harmonisation de groupe et individuel<br \/><\/strong><\/h4>\n<!-- \/wp:heading --><!-- wp:paragraph {\"align\":\"left\",\"style\":{\"typography\":{\"fontSize\":14},\"color\":{\"text\":\"#999999\"}}} -->\n<p class=\"has-text-align-left has-text-color\" style=\"color: #999999; font-size: 14px;\">1 all\u00e9e du ch\u00e2teau de Bourgailh<br \/>33600 Pessac<\/p>\n<!-- \/wp:paragraph --><!-- wp:spacer {\"height\":40} -->\n<div style=\"height: 40px;\" aria-hidden=\"true\" class=\"wp-block-spacer\"><\/div>\n<!-- \/wp:spacer --><!-- wp:heading {\"textAlign\":\"left\",\"level\":4,\"className\":\"hestia-title\",\"style\":{\"typography\":{\"fontSize\":18},\"color\":{\"text\":\"#3c4858\"}}} -->\n<h4 class=\"has-text-align-left hestia-title has-text-color\" style=\"color: #3c4858; font-size: 18px;\"><img decoding=\"async\" class=\"wp-image-98\" style=\"width: 25px;\" src=\"https:\/\/jardininterieur.com\/wp-content\/themes\/hestia\/assets\/img\/contact2.png\" alt=\"\" \/> <strong><strong>Appeler votre barde conteur<br \/><\/strong><\/strong><\/h4>\n<!-- \/wp:heading --><!-- wp:paragraph {\"align\":\"left\",\"style\":{\"color\":{\"text\":\"#999999\"},\"typography\":{\"fontSize\":14}}} -->\n<p class=\"has-text-align-left has-text-color\" style=\"color: #999999; font-size: 14px;\">Jo\u00ebl Niemann<br \/>07 84 53 89 80<\/p>\n<!-- \/wp:paragraph --><!-- wp:spacer {\"height\":40} -->\n<div style=\"height: 40px;\" aria-hidden=\"true\" class=\"wp-block-spacer\"><\/div>\n<!-- \/wp:spacer --><!-- wp:heading {\"textAlign\":\"left\",\"level\":4,\"className\":\"hestia-title\",\"style\":{\"color\":{\"text\":\"#3c4858\"},\"typography\":{\"fontSize\":18}}} -->\n<h4 class=\"has-text-align-left hestia-title has-text-color\" style=\"color: #3c4858; font-size: 18px;\"><img decoding=\"async\" class=\"wp-image-105\" style=\"width: 25px;\" src=\"https:\/\/jardininterieur.com\/wp-content\/themes\/hestia\/assets\/img\/contact3.png\" alt=\"\" \/><strong> I<strong>nformations<\/strong><\/strong><\/h4>\n<!-- \/wp:heading --><!-- wp:paragraph {\"align\":\"left\",\"style\":{\"color\":{\"text\":\"#999999\"},\"typography\":{\"fontSize\":14}}} -->\n<p class=\"has-text-align-left has-text-color\" style=\"color: #999999; font-size: 14px;\">Jo\u00ebl Niemann<br \/>Conteur nomade<br \/>Psy-conteur<br \/>Coach-conteur<br \/><br \/><\/p>\n<!-- \/wp:paragraph --><\/div>\n<!-- \/wp:column --><!-- wp:column -->\n<div class=\"wp-block-column\"><\/div>\n<!-- \/wp:column --><\/div>\n<!-- \/wp:columns --><\/div>\n<!-- \/wp:column --><\/div>\n<!-- \/wp:columns --><!-- wp:paragraph -->\n<p><\/p>\n<!-- \/wp:paragraph -->\t\t\t\t\t\t<\/div>\n\t\t\t\t<\/div>\n\t\t\t\t\t<\/div>\n\t\t<\/div>\n\t\t\t\t\t\t\t<\/div>\n\t\t<\/section>\n\t\t\t\t\t\t\t<\/div>\n\t\t","protected":false},"excerpt":{"rendered":"<p>Commander votre livre Jean-Glier des contr\u00e9es racont\u00e9es : 20\u20ac par ch\u00e8que \u00e0 Jo\u00ebl Niemann, 1 all\u00e9e du ch\u00e2teau du Bourgailh, 33600 Pessac Votre demande, vos besoins, votre contexte pour un devis gratuit Trouver le psy conteur, coach d&rsquo;harmonisation de groupe et individuel 1 all\u00e9e du ch\u00e2teau de Bourgailh33600 Pessac Appeler [&hellip;]<\/p>\n","protected":false},"author":1,"featured_media":0,"parent":0,"menu_order":0,"comment_status":"closed","ping_status":"closed","template":"page-templates\/template-pagebuilder-full-width.php","meta":{"footnotes":""},"_links":{"self":[{"href":"https:\/\/jardininterieur.com\/index.php?rest_route=\/wp\/v2\/pages\/13"}],"collection":[{"href":"https:\/\/jardininterieur.com\/index.php?rest_route=\/wp\/v2\/pages"}],"about":[{"href":"https:\/\/jardininterieur.com\/index.php?rest_route=\/wp\/v2\/types\/page"}],"author":[{"embeddable":true,"href":"https:\/\/jardininterieur.com\/index.php?rest_route=\/wp\/v2\/users\/1"}],"replies":[{"embeddable":true,"href":"https:\/\/jardininterieur.com\/index.php?rest_route=%2Fwp%2Fv2%2Fcomments&post=13"}],"version-history":[{"count":16,"href":"https:\/\/jardininterieur.com\/index.php?rest_route=\/wp\/v2\/pages\/13\/revisions"}],"predecessor-version":[{"id":571,"href":"https:\/\/jardininterieur.com\/index.php?rest_route=\/wp\/v2\/pages\/13\/revisions\/571"}],"wp:attachment":[{"href":"https:\/\/jardininterieur.com\/index.php?rest_route=%2Fwp%2Fv2%2Fmedia&parent=13"}],"curies":[{"name":"wp","href":"https:\/\/api.w.org\/{rel}","templated":true}]}}