{"id":319,"date":"2022-11-17T18:20:21","date_gmt":"2022-11-17T17:20:21","guid":{"rendered":"https:\/\/jardininterieur.com\/?page_id=319"},"modified":"2025-01-09T13:07:09","modified_gmt":"2025-01-09T12:07:09","slug":"prestations","status":"publish","type":"page","link":"https:\/\/jardininterieur.com\/?page_id=319","title":{"rendered":"Prestations et tarifs"},"content":{"rendered":"\t\t<div data-elementor-type=\"wp-page\" data-elementor-id=\"319\" class=\"elementor elementor-319\">\n\t\t\t\t\t\t\t\t\t<section class=\"elementor-section elementor-top-section elementor-element elementor-element-ecfff93 elementor-section-boxed elementor-section-height-default elementor-section-height-default\" data-id=\"ecfff93\" data-element_type=\"section\">\n\t\t\t\t\t\t<div class=\"elementor-container elementor-column-gap-default\">\n\t\t\t\t\t<div class=\"elementor-column elementor-col-100 elementor-top-column elementor-element elementor-element-95dd0fb\" data-id=\"95dd0fb\" data-element_type=\"column\">\n\t\t\t<div class=\"elementor-widget-wrap elementor-element-populated\">\n\t\t\t\t\t\t\t\t<div class=\"elementor-element elementor-element-93e49fa elementor-widget elementor-widget-heading\" data-id=\"93e49fa\" data-element_type=\"widget\" data-widget_type=\"heading.default\">\n\t\t\t\t<div class=\"elementor-widget-container\">\n\t\t\t<style>\/*! elementor - v3.12.2 - 23-04-2023 *\/\n.elementor-heading-title{padding:0;margin:0;line-height:1}.elementor-widget-heading .elementor-heading-title[class*=elementor-size-]>a{color:inherit;font-size:inherit;line-height:inherit}.elementor-widget-heading .elementor-heading-title.elementor-size-small{font-size:15px}.elementor-widget-heading .elementor-heading-title.elementor-size-medium{font-size:19px}.elementor-widget-heading .elementor-heading-title.elementor-size-large{font-size:29px}.elementor-widget-heading .elementor-heading-title.elementor-size-xl{font-size:39px}.elementor-widget-heading .elementor-heading-title.elementor-size-xxl{font-size:59px}<\/style><h2 class=\"elementor-heading-title elementor-size-default\">La pratique des contes parl\u00e9s, \u00e9cout\u00e9s avec soin<\/h2>\t\t<\/div>\n\t\t\t\t<\/div>\n\t\t\t\t<div class=\"elementor-element elementor-element-1bfcc11c elementor-arrows-position-inside elementor-pagination-position-outside elementor-widget elementor-widget-image-carousel\" data-id=\"1bfcc11c\" data-element_type=\"widget\" data-settings=\"{&quot;navigation&quot;:&quot;both&quot;,&quot;autoplay&quot;:&quot;yes&quot;,&quot;pause_on_hover&quot;:&quot;yes&quot;,&quot;pause_on_interaction&quot;:&quot;yes&quot;,&quot;autoplay_speed&quot;:5000,&quot;infinite&quot;:&quot;yes&quot;,&quot;speed&quot;:500}\" data-widget_type=\"image-carousel.default\">\n\t\t\t\t<div class=\"elementor-widget-container\">\n\t\t\t<style>\/*! elementor - v3.12.2 - 23-04-2023 *\/\n.elementor-widget-image-carousel .swiper,.elementor-widget-image-carousel .swiper-container{position:static}.elementor-widget-image-carousel .swiper-container .swiper-slide figure,.elementor-widget-image-carousel .swiper .swiper-slide figure{line-height:inherit}.elementor-widget-image-carousel .swiper-slide{text-align:center}.elementor-image-carousel-wrapper:not(.swiper-container-initialized) .swiper-slide,.elementor-image-carousel-wrapper:not(.swiper-initialized) .swiper-slide{max-width:calc(100% \/ var(--e-image-carousel-slides-to-show, 3))}<\/style>\t\t<div class=\"elementor-image-carousel-wrapper swiper-container\" dir=\"ltr\">\n\t\t\t<div class=\"elementor-image-carousel swiper-wrapper\">\n\t\t\t\t\t\t\t\t<div class=\"swiper-slide\"><figure class=\"swiper-slide-inner\"><img decoding=\"async\" class=\"swiper-slide-image\" src=\"https:\/\/jardininterieur.com\/wp-content\/uploads\/2022\/11\/joel-dans-la-brume-150x150.jpg\" alt=\"joel dans la brume\" \/><\/figure><\/div><div class=\"swiper-slide\"><figure class=\"swiper-slide-inner\"><img decoding=\"async\" class=\"swiper-slide-image\" src=\"https:\/\/jardininterieur.com\/wp-content\/uploads\/2022\/09\/joel-jaerwan-150x150.jpg\" alt=\"joel-jaerwan\" \/><\/figure><\/div><div class=\"swiper-slide\"><figure class=\"swiper-slide-inner\"><img decoding=\"async\" class=\"swiper-slide-image\" src=\"https:\/\/jardininterieur.com\/wp-content\/uploads\/2022\/10\/scene2-08-22-150x150.jpeg\" alt=\"conteur-barde-jaerwan\" \/><\/figure><\/div><div class=\"swiper-slide\"><figure class=\"swiper-slide-inner\"><img decoding=\"async\" class=\"swiper-slide-image\" src=\"https:\/\/jardininterieur.com\/wp-content\/uploads\/2022\/11\/Joel-niemann-jaerwan-150x150.jpeg\" alt=\"Joel-niemann-jaerwan\" \/><\/figure><\/div><div class=\"swiper-slide\"><figure class=\"swiper-slide-inner\"><img decoding=\"async\" class=\"swiper-slide-image\" src=\"https:\/\/jardininterieur.com\/wp-content\/uploads\/2022\/10\/jaerwan-barde-nomade-150x150.jpeg\" alt=\"jaerwan-barde-nomade\" \/><\/figure><\/div>\t\t\t<\/div>\n\t\t\t\t\t\t\t\t\t\t\t\t<div class=\"swiper-pagination\"><\/div>\n\t\t\t\t\t\t\t\t\t\t\t\t\t<div class=\"elementor-swiper-button elementor-swiper-button-prev\">\n\t\t\t\t\t\t<i aria-hidden=\"true\" class=\"eicon-chevron-left\"><\/i>\t\t\t\t\t\t<span class=\"elementor-screen-only\">Pr\u00e9c\u00e9dent<\/span>\n\t\t\t\t\t<\/div>\n\t\t\t\t\t<div class=\"elementor-swiper-button elementor-swiper-button-next\">\n\t\t\t\t\t\t<i aria-hidden=\"true\" class=\"eicon-chevron-right\"><\/i>\t\t\t\t\t\t<span class=\"elementor-screen-only\">Suivant<\/span>\n\t\t\t\t\t<\/div>\n\t\t\t\t\t\t\t\t\t<\/div>\n\t\t\t\t<\/div>\n\t\t\t\t<\/div>\n\t\t\t\t<div class=\"elementor-element elementor-element-cef3572 elementor-widget elementor-widget-text-editor\" data-id=\"cef3572\" data-element_type=\"widget\" data-widget_type=\"text-editor.default\">\n\t\t\t\t<div class=\"elementor-widget-container\">\n\t\t\t<style>\/*! elementor - v3.12.2 - 23-04-2023 *\/\n.elementor-widget-text-editor.elementor-drop-cap-view-stacked .elementor-drop-cap{background-color:#69727d;color:#fff}.elementor-widget-text-editor.elementor-drop-cap-view-framed .elementor-drop-cap{color:#69727d;border:3px solid;background-color:transparent}.elementor-widget-text-editor:not(.elementor-drop-cap-view-default) .elementor-drop-cap{margin-top:8px}.elementor-widget-text-editor:not(.elementor-drop-cap-view-default) .elementor-drop-cap-letter{width:1em;height:1em}.elementor-widget-text-editor .elementor-drop-cap{float:left;text-align:center;line-height:1;font-size:50px}.elementor-widget-text-editor .elementor-drop-cap-letter{display:inline-block}<\/style>\t\t\t\t<p><strong>\u2022 R\u00e9tablit la parole<\/strong> qui apaise, relie et int\u00e8gre.<\/p><p><strong>\u2022 Renoue le fil du temps<\/strong> de l\u2019histoire de l\u2019humanit\u00e9<\/p><p><strong>\u2022 Invite \u00e0 une fraternit\u00e9<\/strong> universelle, il existe des contes dans toutes les cultures depuis la nuit des temps, on en retrouve les m\u00eames th\u00e8mes sous toutes les latitudes.<\/p><p><strong>\u2022 Propose des relations vraies<\/strong> et authentiques, vivantes de bouche \u00e0 oreille, de peau \u00e0 peau, de c\u0153ur \u00e0 c\u0153ur.<br \/>Les contes est-ce ta terre \u00ab\u00a0Le conte \u00e9merveille l&rsquo;enfant, repose le travailleur, instruit le vieillard, simultan\u00e9ment avec la m\u00eame parole\u00a0\u00bb<\/p>\t\t\t\t\t\t<\/div>\n\t\t\t\t<\/div>\n\t\t\t\t\t<\/div>\n\t\t<\/div>\n\t\t\t\t\t\t\t<\/div>\n\t\t<\/section>\n\t\t\t\t<section class=\"elementor-section elementor-top-section elementor-element elementor-element-5f6d207 elementor-section-boxed elementor-section-height-default elementor-section-height-default\" data-id=\"5f6d207\" data-element_type=\"section\">\n\t\t\t\t\t\t<div class=\"elementor-container elementor-column-gap-default\">\n\t\t\t\t\t<div class=\"elementor-column elementor-col-50 elementor-top-column elementor-element elementor-element-a766930\" data-id=\"a766930\" data-element_type=\"column\">\n\t\t\t<div class=\"elementor-widget-wrap elementor-element-populated\">\n\t\t\t\t\t\t\t\t<div class=\"elementor-element elementor-element-3864e6e elementor-widget elementor-widget-heading\" data-id=\"3864e6e\" data-element_type=\"widget\" data-widget_type=\"heading.default\">\n\t\t\t\t<div class=\"elementor-widget-container\">\n\t\t\t<h2 class=\"elementor-heading-title elementor-size-default\">Intervention du conteur Jaerwan <\/h2>\t\t<\/div>\n\t\t\t\t<\/div>\n\t\t\t\t\t<\/div>\n\t\t<\/div>\n\t\t\t\t<div class=\"elementor-column elementor-col-50 elementor-top-column elementor-element elementor-element-14f0791\" data-id=\"14f0791\" data-element_type=\"column\">\n\t\t\t<div class=\"elementor-widget-wrap elementor-element-populated\">\n\t\t\t\t\t\t\t\t<div class=\"elementor-element elementor-element-dff591f elementor-widget elementor-widget-image\" data-id=\"dff591f\" data-element_type=\"widget\" data-widget_type=\"image.default\">\n\t\t\t\t<div class=\"elementor-widget-container\">\n\t\t\t<style>\/*! elementor - v3.12.2 - 23-04-2023 *\/\n.elementor-widget-image{text-align:center}.elementor-widget-image a{display:inline-block}.elementor-widget-image a img[src$=\".svg\"]{width:48px}.elementor-widget-image img{vertical-align:middle;display:inline-block}<\/style>\t\t\t\t\t\t\t\t\t\t\t\t<img loading=\"lazy\" decoding=\"async\" width=\"750\" height=\"563\" src=\"https:\/\/jardininterieur.com\/wp-content\/uploads\/2022\/11\/grotte-conte-1024x768.jpeg\" class=\"attachment-large size-large wp-image-348\" alt=\"\" srcset=\"https:\/\/jardininterieur.com\/wp-content\/uploads\/2022\/11\/grotte-conte-1024x768.jpeg 1024w, https:\/\/jardininterieur.com\/wp-content\/uploads\/2022\/11\/grotte-conte-300x225.jpeg 300w, https:\/\/jardininterieur.com\/wp-content\/uploads\/2022\/11\/grotte-conte-768x576.jpeg 768w, https:\/\/jardininterieur.com\/wp-content\/uploads\/2022\/11\/grotte-conte-1536x1152.jpeg 1536w, https:\/\/jardininterieur.com\/wp-content\/uploads\/2022\/11\/grotte-conte-2048x1536.jpeg 2048w\" sizes=\"(max-width: 750px) 100vw, 750px\" \/>\t\t\t\t\t\t\t\t\t\t\t\t\t\t\t<\/div>\n\t\t\t\t<\/div>\n\t\t\t\t\t<\/div>\n\t\t<\/div>\n\t\t\t\t\t\t\t<\/div>\n\t\t<\/section>\n\t\t\t\t<section class=\"elementor-section elementor-top-section elementor-element elementor-element-fd63894 elementor-section-boxed elementor-section-height-default elementor-section-height-default\" data-id=\"fd63894\" data-element_type=\"section\">\n\t\t\t\t\t\t<div class=\"elementor-container elementor-column-gap-default\">\n\t\t\t\t\t<div class=\"elementor-column elementor-col-100 elementor-top-column elementor-element elementor-element-d7eeaa9\" data-id=\"d7eeaa9\" data-element_type=\"column\">\n\t\t\t<div class=\"elementor-widget-wrap elementor-element-populated\">\n\t\t\t\t\t\t\t\t<div class=\"elementor-element elementor-element-47ba545 elementor-widget elementor-widget-text-editor\" data-id=\"47ba545\" data-element_type=\"widget\" data-widget_type=\"text-editor.default\">\n\t\t\t\t<div class=\"elementor-widget-container\">\n\t\t\t\t\t\t\t<ul><li>Une soir\u00e9e ou une apr\u00e8s-midi<\/li><li>Des balades guid\u00e9es dans les bois<\/li><li>Des conf\u00e9rences cont\u00e9es sur l\u2019oralit\u00e9 et sur le r\u00f4le des contes<\/li><li>Des interventions ponctuelles en institution<\/li><li>Des interventions cont\u00e9es chez des particuliers, associations, sur demande.<\/li><li>Participation \u00e0 des d\u00e9bats en tant que mod\u00e9rateur\/contes<\/li><li>Festivit\u00e9s culturelles dans lesquelles il y aura des s\u00e9ries de racont\u00e9es, dans la tente, en d\u00e9ambulation, avec acc\u00e8s \u00e0 la biblioth\u00e8que de contes, offrant ainsi un espace de calme, de lecture, de dessins pour les enfants, sous l&rsquo;oeil bienveillant de leurs parents.<\/li><li>Animation de cercle de jeunes conteurs.<\/li><\/ul>\t\t\t\t\t\t<\/div>\n\t\t\t\t<\/div>\n\t\t\t\t\t<\/div>\n\t\t<\/div>\n\t\t\t\t\t\t\t<\/div>\n\t\t<\/section>\n\t\t\t\t<section class=\"elementor-section elementor-top-section elementor-element elementor-element-3e86a38e elementor-section-full_width elementor-section-height-default elementor-section-height-default\" data-id=\"3e86a38e\" data-element_type=\"section\" data-settings=\"{&quot;background_background&quot;:&quot;classic&quot;}\">\n\t\t\t\t\t\t\t<div class=\"elementor-background-overlay\"><\/div>\n\t\t\t\t\t\t\t<div class=\"elementor-container elementor-column-gap-default\">\n\t\t\t\t\t<div class=\"elementor-column elementor-col-100 elementor-top-column elementor-element elementor-element-54975ac3\" data-id=\"54975ac3\" data-element_type=\"column\">\n\t\t\t<div class=\"elementor-widget-wrap elementor-element-populated\">\n\t\t\t\t\t\t\t\t<div class=\"elementor-element elementor-element-9b044d2 elementor-widget elementor-widget-heading\" data-id=\"9b044d2\" data-element_type=\"widget\" data-widget_type=\"heading.default\">\n\t\t\t\t<div class=\"elementor-widget-container\">\n\t\t\t<h2 class=\"elementor-heading-title elementor-size-default\">Tarifs prestations<\/h2>\t\t<\/div>\n\t\t\t\t<\/div>\n\t\t\t\t<div class=\"elementor-element elementor-element-7e41b57 elementor-widget elementor-widget-text-editor\" data-id=\"7e41b57\" data-element_type=\"widget\" data-widget_type=\"text-editor.default\">\n\t\t\t\t<div class=\"elementor-widget-container\">\n\t\t\t\t\t\t\t<ul><li><strong>315 \u20ac la soir\u00e9e (3 heures)<\/strong><\/li><li><strong>850\u20ac la journ\u00e9e (7 heures)<\/strong><\/li><li><strong>1500\u20ac pour le week-end (14 heures)<\/strong><br \/>*Ces tarifs sont nets de TVA et incluent l\u2019acc\u00e8s \u00e0 la tente aux contes et la biblioth\u00e8que vagabonde. N\u00e9gociation et \u00e9changes possibles<\/li><\/ul>\t\t\t\t\t\t<\/div>\n\t\t\t\t<\/div>\n\t\t\t\t\t<\/div>\n\t\t<\/div>\n\t\t\t\t\t\t\t<\/div>\n\t\t<\/section>\n\t\t\t\t<section class=\"elementor-section elementor-top-section elementor-element elementor-element-2c914957 elementor-section-full_width elementor-section-height-default elementor-section-height-default\" data-id=\"2c914957\" data-element_type=\"section\">\n\t\t\t\t\t\t<div class=\"elementor-container elementor-column-gap-default\">\n\t\t\t\t\t<div class=\"elementor-column elementor-col-100 elementor-top-column elementor-element elementor-element-45b6bd43\" data-id=\"45b6bd43\" data-element_type=\"column\" data-settings=\"{&quot;background_background&quot;:&quot;slideshow&quot;,&quot;background_slideshow_gallery&quot;:[{&quot;id&quot;:161,&quot;url&quot;:&quot;https:\\\/\\\/jardininterieur.com\\\/wp-content\\\/uploads\\\/2022\\\/10\\\/joel-scene2light.jpg&quot;},{&quot;id&quot;:95,&quot;url&quot;:&quot;https:\\\/\\\/jardininterieur.com\\\/wp-content\\\/uploads\\\/2022\\\/09\\\/jaerwan-vert-neon.jpg&quot;},{&quot;id&quot;:132,&quot;url&quot;:&quot;https:\\\/\\\/jardininterieur.com\\\/wp-content\\\/uploads\\\/2022\\\/09\\\/etre-de-la-nature.jpg&quot;}],&quot;background_slideshow_loop&quot;:&quot;yes&quot;,&quot;background_slideshow_slide_duration&quot;:5000,&quot;background_slideshow_slide_transition&quot;:&quot;fade&quot;,&quot;background_slideshow_transition_duration&quot;:500}\">\n\t\t\t<div class=\"elementor-widget-wrap elementor-element-populated\">\n\t\t\t\t\t\t\t\t<div class=\"elementor-element elementor-element-33f4d3e5 elementor-widget elementor-widget-spacer\" data-id=\"33f4d3e5\" data-element_type=\"widget\" data-widget_type=\"spacer.default\">\n\t\t\t\t<div class=\"elementor-widget-container\">\n\t\t\t<style>\/*! elementor - v3.12.2 - 23-04-2023 *\/\n.elementor-column .elementor-spacer-inner{height:var(--spacer-size)}.e-con{--container-widget-width:100%}.e-con-inner>.elementor-widget-spacer,.e-con>.elementor-widget-spacer{width:var(--container-widget-width,var(--spacer-size));--align-self:var(--container-widget-align-self,initial);--flex-shrink:0}.e-con-inner>.elementor-widget-spacer>.elementor-widget-container,.e-con-inner>.elementor-widget-spacer>.elementor-widget-container>.elementor-spacer,.e-con>.elementor-widget-spacer>.elementor-widget-container,.e-con>.elementor-widget-spacer>.elementor-widget-container>.elementor-spacer{height:100%}.e-con-inner>.elementor-widget-spacer>.elementor-widget-container>.elementor-spacer>.elementor-spacer-inner,.e-con>.elementor-widget-spacer>.elementor-widget-container>.elementor-spacer>.elementor-spacer-inner{height:var(--container-widget-height,var(--spacer-size))}<\/style>\t\t<div class=\"elementor-spacer\">\n\t\t\t<div class=\"elementor-spacer-inner\"><\/div>\n\t\t<\/div>\n\t\t\t\t<\/div>\n\t\t\t\t<\/div>\n\t\t\t\t\t<\/div>\n\t\t<\/div>\n\t\t\t\t\t\t\t<\/div>\n\t\t<\/section>\n\t\t\t\t<section class=\"elementor-section elementor-top-section elementor-element elementor-element-b2bd766 elementor-section-boxed elementor-section-height-default elementor-section-height-default\" data-id=\"b2bd766\" data-element_type=\"section\">\n\t\t\t\t\t\t<div class=\"elementor-container elementor-column-gap-default\">\n\t\t\t\t\t<div class=\"elementor-column elementor-col-100 elementor-top-column elementor-element elementor-element-611bef1\" data-id=\"611bef1\" data-element_type=\"column\">\n\t\t\t<div class=\"elementor-widget-wrap elementor-element-populated\">\n\t\t\t\t\t\t\t\t<div class=\"elementor-element elementor-element-df43323 elementor-widget elementor-widget-text-editor\" data-id=\"df43323\" data-element_type=\"widget\" data-widget_type=\"text-editor.default\">\n\t\t\t\t<div class=\"elementor-widget-container\">\n\t\t\t\t\t\t\t\t\t\t\t\t\t<\/div>\n\t\t\t\t<\/div>\n\t\t\t\t\t<\/div>\n\t\t<\/div>\n\t\t\t\t\t\t\t<\/div>\n\t\t<\/section>\n\t\t\t\t<section class=\"elementor-section elementor-top-section elementor-element elementor-element-876e903 elementor-section-boxed elementor-section-height-default elementor-section-height-default\" data-id=\"876e903\" data-element_type=\"section\">\n\t\t\t\t\t\t<div class=\"elementor-container elementor-column-gap-default\">\n\t\t\t\t\t<div class=\"elementor-column elementor-col-100 elementor-top-column elementor-element elementor-element-c9115ed\" data-id=\"c9115ed\" data-element_type=\"column\">\n\t\t\t<div class=\"elementor-widget-wrap elementor-element-populated\">\n\t\t\t\t\t\t\t\t<div class=\"elementor-element elementor-element-771dbb8 elementor-widget elementor-widget-text-editor\" data-id=\"771dbb8\" data-element_type=\"widget\" data-widget_type=\"text-editor.default\">\n\t\t\t\t<div class=\"elementor-widget-container\">\n\t\t\t\t\t\t\t<p>Ces contes nomades ont pour mission de r\u00e9tablir l\u2019oralit\u00e9 dans sa dimension culturelle, sociale, transg\u00e9n\u00e9rationnelle, historique et identitaire. La pratique des contes parl\u00e9s, \u00e9cout\u00e9s avec soin lutte contre :<\/p><p>\u2022 L\u2019acculturation* due \u00e0 l\u2019envahissement num\u00e9rique *perte de la culture d\u2019origine, imposition d\u2019une autre culture<\/p><p>\u2022 La perte de la belle langue, de la richesse s\u00e9mantique<\/p><p>\u2022 L\u2019oubli des lieux, personnages, \u00e9pop\u00e9es des anc\u00eatres<\/p><p>\u2022 L\u2019effacement de la m\u00e9moire des origines<\/p>\t\t\t\t\t\t<\/div>\n\t\t\t\t<\/div>\n\t\t\t\t\t<\/div>\n\t\t<\/div>\n\t\t\t\t\t\t\t<\/div>\n\t\t<\/section>\n\t\t\t\t\t\t\t<\/div>\n\t\t","protected":false},"excerpt":{"rendered":"<p>La pratique des contes parl\u00e9s, \u00e9cout\u00e9s avec soin Pr\u00e9c\u00e9dent Suivant \u2022 R\u00e9tablit la parole qui apaise, relie et int\u00e8gre. \u2022 Renoue le fil du temps de l\u2019histoire de l\u2019humanit\u00e9 \u2022 Invite \u00e0 une fraternit\u00e9 universelle, il existe des contes dans toutes les cultures depuis la nuit des temps, on en [&hellip;]<\/p>\n","protected":false},"author":1,"featured_media":0,"parent":0,"menu_order":0,"comment_status":"closed","ping_status":"closed","template":"","meta":{"footnotes":""},"_links":{"self":[{"href":"https:\/\/jardininterieur.com\/index.php?rest_route=\/wp\/v2\/pages\/319"}],"collection":[{"href":"https:\/\/jardininterieur.com\/index.php?rest_route=\/wp\/v2\/pages"}],"about":[{"href":"https:\/\/jardininterieur.com\/index.php?rest_route=\/wp\/v2\/types\/page"}],"author":[{"embeddable":true,"href":"https:\/\/jardininterieur.com\/index.php?rest_route=\/wp\/v2\/users\/1"}],"replies":[{"embeddable":true,"href":"https:\/\/jardininterieur.com\/index.php?rest_route=%2Fwp%2Fv2%2Fcomments&post=319"}],"version-history":[{"count":26,"href":"https:\/\/jardininterieur.com\/index.php?rest_route=\/wp\/v2\/pages\/319\/revisions"}],"predecessor-version":[{"id":574,"href":"https:\/\/jardininterieur.com\/index.php?rest_route=\/wp\/v2\/pages\/319\/revisions\/574"}],"wp:attachment":[{"href":"https:\/\/jardininterieur.com\/index.php?rest_route=%2Fwp%2Fv2%2Fmedia&parent=319"}],"curies":[{"name":"wp","href":"https:\/\/api.w.org\/{rel}","templated":true}]}}